{"id":20,"date":"2023-11-04T14:22:27","date_gmt":"2023-11-04T14:22:27","guid":{"rendered":"https:\/\/parquesilvestrestenger.cl\/?page_id=20"},"modified":"2023-12-16T21:13:29","modified_gmt":"2023-12-16T21:13:29","slug":"quienes-somos","status":"publish","type":"page","link":"https:\/\/parquesilvestrestenger.cl\/?page_id=20","title":{"rendered":"Historia"},"content":{"rendered":"\n<div class=\"slider-wrapper relative\" id=\"slider-1105236403\" >\n    <div class=\"slider slider-nav-circle slider-nav-large slider-nav-light slider-style-normal\"\n        data-flickity-options='{\n            \"cellAlign\": \"center\",\n            \"imagesLoaded\": true,\n            \"lazyLoad\": 1,\n            \"freeScroll\": false,\n            \"wrapAround\": true,\n            \"autoPlay\": 6000,\n            \"pauseAutoPlayOnHover\" : true,\n            \"prevNextButtons\": true,\n            \"contain\" : true,\n            \"adaptiveHeight\" : true,\n            \"dragThreshold\" : 10,\n            \"percentPosition\": true,\n            \"pageDots\": true,\n            \"rightToLeft\": false,\n            \"draggable\": true,\n            \"selectedAttraction\": 0.1,\n            \"parallax\" : 0,\n            \"friction\": 0.6        }'\n        >\n        \n\n\n  <div class=\"banner has-hover\" id=\"banner-345098430\">\n          <div class=\"banner-inner fill\">\n        <div class=\"banner-bg fill\" >\n            <div class=\"bg fill bg-fill \"><\/div>\n                        <div class=\"overlay\"><\/div>            \n                    <\/div>\n\t\t\n        <div class=\"banner-layers container\">\n            <div class=\"fill banner-link\"><\/div>            \n\n   <div id=\"text-box-952402621\" class=\"text-box banner-layer x50 md-x50 lg-x50 y50 md-y50 lg-y50 res-text\">\n                                <div class=\"text-box-content text dark\">\n              \n              <div class=\"text-inner text-center\">\n                  \n\n<h3 class=\"uppercase\">HISTORIA<\/h3>\n\n              <\/div>\n           <\/div>\n                            \n<style>\n#text-box-952402621 {\n  width: 60%;\n}\n#text-box-952402621 .text-box-content {\n  font-size: 100%;\n}\n<\/style>\n    <\/div>\n \n\n        <\/div>\n      <\/div>\n\n            \n<style>\n#banner-345098430 {\n  padding-top: 342px;\n}\n#banner-345098430 .bg.bg-loaded {\n  background-image: url(https:\/\/parquesilvestrestenger.cl\/wp-content\/uploads\/2023\/11\/Unknown-49-1.jpeg);\n}\n#banner-345098430 .overlay {\n  background-color: rgba(0, 0, 0, 0.17);\n}\n#banner-345098430 .bg {\n  background-position: 5% 67%;\n}\n<\/style>\n  <\/div>\n\n\n\n  <div class=\"banner has-hover\" id=\"banner-1110073773\">\n          <div class=\"banner-inner fill\">\n        <div class=\"banner-bg fill\" >\n            <div class=\"bg fill bg-fill \"><\/div>\n                        <div class=\"overlay\"><\/div>            \n                    <\/div>\n\t\t\n        <div class=\"banner-layers container\">\n            <div class=\"fill banner-link\"><\/div>            \n\n   <div id=\"text-box-2082758575\" class=\"text-box banner-layer x50 md-x50 lg-x50 y50 md-y50 lg-y50 res-text\">\n                                <div class=\"text-box-content text dark\">\n              \n              <div class=\"text-inner text-center\">\n                  \n\n<h3 class=\"uppercase\">LA HISTORIA<\/h3>\n\n              <\/div>\n           <\/div>\n                            \n<style>\n#text-box-2082758575 {\n  width: 60%;\n}\n#text-box-2082758575 .text-box-content {\n  font-size: 100%;\n}\n<\/style>\n    <\/div>\n \n\n        <\/div>\n      <\/div>\n\n            \n<style>\n#banner-1110073773 {\n  padding-top: 342px;\n}\n#banner-1110073773 .bg.bg-loaded {\n  background-image: url(https:\/\/parquesilvestrestenger.cl\/wp-content\/uploads\/2023\/11\/QNHM5280.jpeg);\n}\n#banner-1110073773 .overlay {\n  background-color: rgba(0, 0, 0, 0.17);\n}\n#banner-1110073773 .bg {\n  background-position: 0% 58%;\n}\n<\/style>\n  <\/div>\n\n\n\n  <div class=\"banner has-hover\" id=\"banner-998252962\">\n          <div class=\"banner-inner fill\">\n        <div class=\"banner-bg fill\" >\n            <div class=\"bg fill bg-fill \"><\/div>\n                        <div class=\"overlay\"><\/div>            \n                    <\/div>\n\t\t\n        <div class=\"banner-layers container\">\n            <div class=\"fill banner-link\"><\/div>            \n\n   <div id=\"text-box-595192901\" class=\"text-box banner-layer x50 md-x50 lg-x50 y50 md-y50 lg-y50 res-text\">\n                                <div class=\"text-box-content text dark\">\n              \n              <div class=\"text-inner text-center\">\n                  \n\n<h3 class=\"uppercase\">HISTORIA<\/h3>\n\n              <\/div>\n           <\/div>\n                            \n<style>\n#text-box-595192901 {\n  width: 60%;\n}\n#text-box-595192901 .text-box-content {\n  font-size: 100%;\n}\n<\/style>\n    <\/div>\n \n\n        <\/div>\n      <\/div>\n\n            \n<style>\n#banner-998252962 {\n  padding-top: 342px;\n}\n#banner-998252962 .bg.bg-loaded {\n  background-image: url(https:\/\/parquesilvestrestenger.cl\/wp-content\/uploads\/2023\/11\/Unknown-33.jpeg);\n}\n#banner-998252962 .overlay {\n  background-color: rgba(0, 0, 0, 0.17);\n}\n<\/style>\n  <\/div>\n\n\n\n  <div class=\"banner has-hover\" id=\"banner-2135363534\">\n          <div class=\"banner-inner fill\">\n        <div class=\"banner-bg fill\" >\n            <div class=\"bg fill bg-fill \"><\/div>\n                        <div class=\"overlay\"><\/div>            \n                    <\/div>\n\t\t\n        <div class=\"banner-layers container\">\n            <div class=\"fill banner-link\"><\/div>            \n\n   <div id=\"text-box-663788642\" class=\"text-box banner-layer x50 md-x50 lg-x50 y50 md-y50 lg-y50 res-text\">\n                                <div class=\"text-box-content text dark\">\n              \n              <div class=\"text-inner text-center\">\n                  \n\n<h3 class=\"uppercase\">HISTORIA<\/h3>\n\n              <\/div>\n           <\/div>\n                            \n<style>\n#text-box-663788642 {\n  width: 60%;\n}\n#text-box-663788642 .text-box-content {\n  font-size: 100%;\n}\n<\/style>\n    <\/div>\n \n\n        <\/div>\n      <\/div>\n\n            \n<style>\n#banner-2135363534 {\n  padding-top: 342px;\n}\n#banner-2135363534 .bg.bg-loaded {\n  background-image: url(https:\/\/parquesilvestrestenger.cl\/wp-content\/uploads\/2023\/11\/Unknown-51.jpeg);\n}\n#banner-2135363534 .overlay {\n  background-color: rgba(0, 0, 0, 0.17);\n}\n<\/style>\n  <\/div>\n\n\n\n  <div class=\"banner has-hover\" id=\"banner-602383025\">\n          <div class=\"banner-inner fill\">\n        <div class=\"banner-bg fill\" >\n            <div class=\"bg fill bg-fill \"><\/div>\n                        <div class=\"overlay\"><\/div>            \n                    <\/div>\n\t\t\n        <div class=\"banner-layers container\">\n            <div class=\"fill banner-link\"><\/div>            \n\n   <div id=\"text-box-942512301\" class=\"text-box banner-layer x50 md-x50 lg-x50 y50 md-y50 lg-y50 res-text\">\n                                <div class=\"text-box-content text dark\">\n              \n              <div class=\"text-inner text-center\">\n                  \n\n<h3 class=\"uppercase\">HISTORIA<\/h3>\n\n              <\/div>\n           <\/div>\n                            \n<style>\n#text-box-942512301 {\n  width: 60%;\n}\n#text-box-942512301 .text-box-content {\n  font-size: 100%;\n}\n<\/style>\n    <\/div>\n \n\n        <\/div>\n      <\/div>\n\n            \n<style>\n#banner-602383025 {\n  padding-top: 342px;\n}\n#banner-602383025 .bg.bg-loaded {\n  background-image: url(https:\/\/parquesilvestrestenger.cl\/wp-content\/uploads\/2023\/11\/GRZR6805.jpeg);\n}\n#banner-602383025 .overlay {\n  background-color: rgba(0, 0, 0, 0.17);\n}\n<\/style>\n  <\/div>\n\n\n\n     <\/div>\n\n     <div class=\"loading-spin dark large centered\"><\/div>\n\n\t<\/div>\n\n\n<div class=\"row\"  id=\"row-731150309\">\n\n\n\t<div id=\"col-981813595\" class=\"col small-12 large-12\"  >\n\t\t\t\t<div class=\"col-inner\"  >\n\t\t\t\n\t\t\t\n\n\t<div id=\"text-4009216127\" class=\"text\">\n\t\t\n\n<div data-player-name=\"Playable\" data-testid=\"playable\">\n<div dir=\"ltr\" tabindex=\"-1\" data-playable-hook=\"player-container\" data-playable-dir=\"ltr\">\n<div data-playable-component=\"\">\u00a0<\/div>\n<div data-playable-component=\"\">\n<p style=\"font-weight: 400;\">El Parque lleva el nombre de Silvestre Stenger en honor al sacerdote de la orden de San Benito, quien nace en Berl\u00edn en 1908 en el seno de una familia acomodada, luterana y poco ferviente<\/p>\n<p style=\"font-weight: 400;\">\u00a0<\/p>\n<p style=\"font-weight: 400;\">Fue un joven de muchas inquietudes intelectuales, se declara ateo y a los 23 a\u00f1os se convierte al cristianismo luego de una \u201cvisi\u00f3n m\u00edstica\u201d. Despu\u00e9s de ese extraordinario hecho decide dedicarse a Dios en la vida religiosa. Ingresa en el noviciado de Beuron en marzo de 1933, en donde estudiar\u00e1 filosof\u00eda y teolog\u00eda.<\/p>\n<p style=\"font-weight: 400;\">\u00a0<\/p>\n<p style=\"font-weight: 400;\">En 1948, es invitado a Chile para apoyar la fundaci\u00f3n de la Abad\u00eda de la Sant\u00edsima Trinidad de Las Condes en Santiago. Es adem\u00e1s profesor de historia de la Iglesia en la facultad de Teolog\u00edas de la capital. Al constatar las grandes diferencias sociales en nuestro pa\u00eds piensa dejar la Abad\u00eda por la Trapa, y viaja a Francia por un a\u00f1o. Regresa a Chile en 1960. El entonces Obispo de Valdivia, Monse\u00f1or Jos\u00e9 Manuel Santos, lo integra a su di\u00f3cesis. Intenta fundar una comunidad mon\u00e1stica en el peque\u00f1o Puerto de Carboneros, en Isla Del Rey.<\/p>\n<p style=\"font-weight: 400;\">\u00a0<\/p>\n<p style=\"font-weight: 400;\">Desafortunadamente ning\u00fan miembro se convirti\u00f3 en monje. Construye su casa en una sencilla capilla para no m\u00e1s de 20 personas, la cual es conservada hasta la fecha.<\/p>\n<span style=\"font-weight: 400;\">Ante la falta de clero en Valdivia, oficia como p\u00e1rroco en Corral y como profesor de filosof\u00eda y teolog\u00eda en el Seminario Mayor San Fidel de esa ciudad. Fallece en Valdivia en la casa de retiro \u201cLenka Meyer\u201d, en Agosto de 1993.<\/span><\/div>\n<\/div>\n<\/div>\n<div id=\"comp-kq2v9wk1\">\n<div data-testid=\"linkElement\">\u00a0<\/div>\n<\/div>\n<div id=\"comp-kq2vc1q9\">\n<div data-testid=\"linkElement\">\u00a0<\/div>\n<\/div>\n\t\t\n<style>\n#text-4009216127 {\n  font-size: 1.25rem;\n  line-height: 1.55;\n  text-align: center;\n}\n<\/style>\n\t<\/div>\n\t\n\n\t\t<\/div>\n\t\t\t\t\n<style>\n#col-981813595 > .col-inner {\n  padding: 0px 100px 0px 113px;\n}\n<\/style>\n\t<\/div>\n\n\t\n\n<\/div>\n<div class=\"row\"  id=\"row-941455983\">\n\n\n\t<div id=\"col-1108262039\" class=\"col medium-6 small-12 large-6\"  >\n\t\t\t\t<div class=\"col-inner\"  >\n\t\t\t\n\t\t\t\n\n\t<div class=\"img has-hover x md-x lg-x y md-y lg-y\" id=\"image_904474049\">\n\t\t\t\t\t\t\t\t<div class=\"img-inner dark\" >\n\t\t\t<img loading=\"lazy\" decoding=\"async\" width=\"603\" height=\"397\" src=\"https:\/\/parquesilvestrestenger.cl\/wp-content\/uploads\/2023\/11\/Unknown-55.jpeg\" class=\"attachment-large size-large\" alt=\"\" srcset=\"https:\/\/parquesilvestrestenger.cl\/wp-content\/uploads\/2023\/11\/Unknown-55.jpeg 603w, https:\/\/parquesilvestrestenger.cl\/wp-content\/uploads\/2023\/11\/Unknown-55-300x198.jpeg 300w\" sizes=\"auto, (max-width: 603px) 100vw, 603px\" \/>\t\t\t\t\t\t\n\t\t\t\t\t<\/div>\n\t\t\t\t\t\t\t\t\n<style>\n#image_904474049 {\n  width: 100%;\n}\n<\/style>\n\t<\/div>\n\t\n\n<p>\u00a0<\/p>\n<p style=\"font-weight: 400; text-align: left;\"><strong>HISTORIA DEL PARQUE EN MANOS DE LA FAMILIA PE\u00d1A &#8211; BRAVO<\/strong><\/p>\n<p style=\"font-weight: 400; text-align: left;\">En el Libro de Oro del Parque se lee lo siguiente ACTA: \u00a0en Valdivia, comuna de Corral, Isla del Rey-Carbonero sector Venegas a quince de enero de mil novecientos noventa y siete (15-01-1997) Federico Pe\u00f1a Mohr y Carmen Bravo Silva en representaci\u00f3n de la Sociedad Inversiones \u00a0e Inmobiliaria\u201c ENCARNACION LTDA\u201d proceden y toman posesi\u00f3n de las parcelas 1y 2 del Loteo Carbonero.<\/p>\n<p style=\"font-weight: 400;\">Act\u00faan como testigos de este acto: Jaime Bravo Silva, Patricia Silva Vergara, Patricio Varas Van De Wyngard, Josefina Bravo Silva, Ernesto Donatch Odriozola y Carolina Bravo Arrieta.<\/p>\n<p><span style=\"font-weight: 400;\">A partir de esta fecha las personas antes citadas concuerdan en inscribir las parcelas bajo el nombre de \u201cPARQUE SILVESTRE STENGER\u201d, en homenaje al Presb\u00edtero Silvestre Stenger, fallecido en abril de 1993. La toma de posesi\u00f3n es materializada con la instalaci\u00f3n de cuatro (4) carpas para albergar durante cuatro d\u00edas (4) a las familias Bravo Silva- Varas Bravo- Donatch Bravo y Pe\u00f1a- Bravo.<\/span><\/p>\n<p style=\"font-weight: 400;\">Parque Silvestre Stenger 15\/01\/1997<\/p>\n<p style=\"font-weight: 400;\">Los participantes en este acto, y previo intercambio de opiniones para implementar el PARQUE acuerda mantener la exclusividad de uso y a la vez reforzar con nuevas especies el bosque nativo y la pradera con plantas nativas y dejar un espacio central para el solaz y juegos.\u00a0\u00a0\u00a0 En el extremo del PARQUE se construye la unidad de servicio y en el otro extremo, a orillas del r\u00edo se construye un cobertizo para 24 personas.<\/p>\n<p><span style=\"font-weight: 400;\">Dado el \u00e9xito del PARQUE se construyen en el tiempo dos cobertizos m\u00e1s para atender c\u00f3modamente a 72 personas. Todo esto permite instalar las carpas sin restricci\u00f3n en los lugares que acomode a los usuarios.\u00a0 La ermita, la piscina para ni\u00f1os, los juegos infantiles, como otras construcciones menores son parte importante del paisaje del parque. <\/span><\/p>\n\n\t\t<\/div>\n\t\t\t\t\t<\/div>\n\n\t\n\n\t<div id=\"col-821386564\" class=\"col medium-6 small-12 large-6\"  >\n\t\t\t\t<div class=\"col-inner\"  >\n\t\t\t\n\t\t\t\n\n\t<div class=\"img has-hover x md-x lg-x y md-y lg-y\" id=\"image_1663893357\">\n\t\t\t\t\t\t\t\t<div class=\"img-inner dark\" >\n\t\t\t<img loading=\"lazy\" decoding=\"async\" width=\"1024\" height=\"768\" src=\"https:\/\/parquesilvestrestenger.cl\/wp-content\/uploads\/2023\/11\/Unknown-16.jpeg\" class=\"attachment-original size-original\" alt=\"\" srcset=\"https:\/\/parquesilvestrestenger.cl\/wp-content\/uploads\/2023\/11\/Unknown-16.jpeg 1024w, https:\/\/parquesilvestrestenger.cl\/wp-content\/uploads\/2023\/11\/Unknown-16-300x225.jpeg 300w, https:\/\/parquesilvestrestenger.cl\/wp-content\/uploads\/2023\/11\/Unknown-16-768x576.jpeg 768w\" sizes=\"auto, (max-width: 1024px) 100vw, 1024px\" \/>\t\t\t\t\t\t\n\t\t\t\t\t<\/div>\n\t\t\t\t\t\t\t\t\n<style>\n#image_1663893357 {\n  width: 100%;\n}\n<\/style>\n\t<\/div>\n\t\n\n\n  <div class=\"banner has-hover\" id=\"banner-223347737\">\n          <div class=\"banner-inner fill\">\n        <div class=\"banner-bg fill\" >\n            <div class=\"bg fill bg-fill \"><\/div>\n                        <div class=\"overlay\"><\/div>            \n                    <\/div>\n\t\t\n        <div class=\"banner-layers container\">\n            <div class=\"fill banner-link\"><\/div>            \n\n   <div id=\"text-box-2057651213\" class=\"text-box banner-layer x95 md-x95 lg-x95 y50 md-y50 lg-y50 res-text\">\n                                <div class=\"text-box-content text dark\">\n              \n              <div class=\"text-inner text-right\">\n                  \n\n<h2 class=\"uppercase\"><strong>UN PROYECTO FAMILIAR<\/strong><\/h2>\n<h3>desde 1997<\/h3>\n<p>El Parque siempre ha sido un lugar que acoge a grupos que quieren pasar un momento en familia o entre amigos.<\/p>\n<a class=\"button primary\"  >\n    <span>UN ESPACIO FAMILIAR<\/span>\n  <\/a>\n\n\n<a class=\"button white is-outline\"  >\n    <span>PARA COMPARTIR CON AMIGOS<\/span>\n  <\/a>\n\n\n\n              <\/div>\n           <\/div>\n                            \n<style>\n#text-box-2057651213 {\n  width: 60%;\n}\n#text-box-2057651213 .text-box-content {\n  font-size: 100%;\n}\n@media (min-width:550px) {\n  #text-box-2057651213 {\n    width: 40%;\n  }\n}\n<\/style>\n    <\/div>\n \n\n        <\/div>\n      <\/div>\n\n            \n<style>\n#banner-223347737 {\n  padding-top: 500px;\n}\n#banner-223347737 .overlay {\n  background-color: rgba(0, 0, 0, 0.2);\n}\n<\/style>\n  <\/div>\n\n\n\n\t\t<\/div>\n\t\t\t\t\t<\/div>\n\n\t\n\n<\/div>\n\n","protected":false},"excerpt":{"rendered":"","protected":false},"author":1,"featured_media":0,"parent":0,"menu_order":0,"comment_status":"closed","ping_status":"closed","template":"","meta":{"footnotes":""},"class_list":["post-20","page","type-page","status-publish","hentry"],"_links":{"self":[{"href":"https:\/\/parquesilvestrestenger.cl\/index.php?rest_route=\/wp\/v2\/pages\/20","targetHints":{"allow":["GET"]}}],"collection":[{"href":"https:\/\/parquesilvestrestenger.cl\/index.php?rest_route=\/wp\/v2\/pages"}],"about":[{"href":"https:\/\/parquesilvestrestenger.cl\/index.php?rest_route=\/wp\/v2\/types\/page"}],"author":[{"embeddable":true,"href":"https:\/\/parquesilvestrestenger.cl\/index.php?rest_route=\/wp\/v2\/users\/1"}],"replies":[{"embeddable":true,"href":"https:\/\/parquesilvestrestenger.cl\/index.php?rest_route=%2Fwp%2Fv2%2Fcomments&post=20"}],"version-history":[{"count":20,"href":"https:\/\/parquesilvestrestenger.cl\/index.php?rest_route=\/wp\/v2\/pages\/20\/revisions"}],"predecessor-version":[{"id":412,"href":"https:\/\/parquesilvestrestenger.cl\/index.php?rest_route=\/wp\/v2\/pages\/20\/revisions\/412"}],"wp:attachment":[{"href":"https:\/\/parquesilvestrestenger.cl\/index.php?rest_route=%2Fwp%2Fv2%2Fmedia&parent=20"}],"curies":[{"name":"wp","href":"https:\/\/api.w.org\/{rel}","templated":true}]}}