{"id":24,"date":"2023-11-04T14:23:01","date_gmt":"2023-11-04T14:23:01","guid":{"rendered":"https:\/\/parquesilvestrestenger.cl\/?page_id=24"},"modified":"2023-12-16T22:02:07","modified_gmt":"2023-12-16T22:02:07","slug":"servicios","status":"publish","type":"page","link":"https:\/\/parquesilvestrestenger.cl\/?page_id=24","title":{"rendered":"SERVICIOS"},"content":{"rendered":"\n<div class=\"container section-title-container\" ><h1 class=\"section-title section-title-center\"><b><\/b><span class=\"section-title-main\" >SERVICIOS<\/span><b><\/b><\/h1><\/div>\n\n<div class=\"row\"  id=\"row-1183557836\">\n\n\n\t<div id=\"col-1346733158\" class=\"col small-12 large-12\"  >\n\t\t\t\t<div class=\"col-inner\"  >\n\t\t\t\n\t\t\t\n\n<div id=\"WRchTxt1-i5w\" class=\"BaOVQ8 tz5f0K WRchTxt1-i5w wixui-rich-text\" data-testid=\"richTextElement\">\n<p style=\"text-align: center;\">EL PARQUE S\u00d3LO SER\u00c1 RESERVADO POR UN GRUPO A LA VEZ PARA USO EXCLUSIVO DE SUS INSTALACIONES\u00a0<\/p>\n<p class=\"font_8 wixui-rich-text__text\" style=\"text-align: center;\">\u00a0<\/p>\n<p style=\"font-weight: 400; text-align: center;\">\u00a0\u201cPARQUE SILVESTRE STENGER\u201d, ubicado en el sector de Carboneros en la Isla del Rey. Un lugar de incomparable belleza natural, en el cual podr\u00e1 disfrutar de m\u00faltiples comodidades para hacer\u00a0 de su estad\u00eda una experiencia inolvidable.<\/p>\n<p style=\"font-weight: 400; text-align: center;\"><span style=\"font-weight: 400;\">Evento por el d\u00eda, el usuario dispone de todas las comodidades para realizar un paseo.<\/span><\/p>\n<\/div>\n\n\t\t<\/div>\n\t\t\t\t\t<\/div>\n\n\t\n\n<\/div>\n<div class=\"row\"  id=\"row-627222899\">\n\n\n\t<div id=\"col-1040234542\" class=\"col medium-6 small-12 large-6\"  >\n\t\t\t\t<div class=\"col-inner\"  >\n\t\t\t\n\t\t\t\n\n\t<div class=\"box has-hover   has-hover box-text-bottom\" >\n\n\t\t<div class=\"box-image\" style=\"width:70%;\">\n\t\t\t\t\t\t<div class=\"\" >\n\t\t\t\t<img loading=\"lazy\" decoding=\"async\" width=\"587\" height=\"440\" src=\"https:\/\/parquesilvestrestenger.cl\/wp-content\/uploads\/2023\/11\/1929611_12640153205_3223_n.jpg\" class=\"attachment- size-\" alt=\"\" srcset=\"https:\/\/parquesilvestrestenger.cl\/wp-content\/uploads\/2023\/11\/1929611_12640153205_3223_n.jpg 587w, https:\/\/parquesilvestrestenger.cl\/wp-content\/uploads\/2023\/11\/1929611_12640153205_3223_n-300x225.jpg 300w\" sizes=\"auto, (max-width: 587px) 100vw, 587px\" \/>\t\t\t\t\t\t\t\t\t\t\t<\/div>\n\t\t\t\t\t<\/div>\n\n\t\t<div class=\"box-text text-center is-xlarge\" >\n\t\t\t<div class=\"box-text-inner\">\n\t\t\t\t\n\n<div><span style=\"font-size: 120%;\"><b>D\u00cdA PARQUE <\/b><\/span><\/div>\n<div><span style=\"font-size: 110%;\"><b>Para disfrutar con amigos y familia<\/b><\/span><\/div>\n\n\t\t\t<\/div>\n\t\t<\/div>\n\t<\/div>\n\t\n<ul>\n<li>El arriendo del Parque es de $200.000 diario para m\u00e1ximo 20 personas (adulto o ni\u00f1o) y un costo de $15.000 por persona extra (adulto).<\/li>\n<li>Valor ni\u00f1o hasta 14 a\u00f1os: $10.000<\/li>\n<li>Los ni\u00f1os menores de 4 a\u00f1os no pagan.<\/li>\n<li>Este valor garantiza la exclusividad del Parque, s\u00f3lo a su grupo.<\/li>\n<li>Incluye:\u00a0quinchos, cobertizos, vajilla, le\u00f1a (1 carretilla), parrillas.\u00a0Juegos Infantiles, piscina para ni\u00f1os, cancha de Cricket, mesa Pin-Pon, cancha de rayuela, mirador, museo y capilla.\u00a0Uso cocina, lavaderos y ba\u00f1os.<\/li>\n<li><span class=\"wixui-rich-text__text\">Horario:<\/span> de 09:00 a 19:00 hrs.<\/li>\n<\/ul>\n\n\t\t<\/div>\n\t\t\t\t\t<\/div>\n\n\t\n\n\t<div id=\"col-1617329378\" class=\"col medium-6 small-12 large-6\"  >\n\t\t\t\t<div class=\"col-inner\"  >\n\t\t\t\n\t\t\t\n\n\t<div class=\"box has-hover   has-hover box-text-bottom\" >\n\n\t\t<div class=\"box-image\" style=\"width:80%;\">\n\t\t\t\t\t\t<div class=\"\" >\n\t\t\t\t<img loading=\"lazy\" decoding=\"async\" width=\"2560\" height=\"1696\" src=\"https:\/\/parquesilvestrestenger.cl\/wp-content\/uploads\/2023\/11\/DSC_0249-scaled.jpg\" class=\"attachment- size-\" alt=\"\" srcset=\"https:\/\/parquesilvestrestenger.cl\/wp-content\/uploads\/2023\/11\/DSC_0249-scaled.jpg 2560w, https:\/\/parquesilvestrestenger.cl\/wp-content\/uploads\/2023\/11\/DSC_0249-300x199.jpg 300w, https:\/\/parquesilvestrestenger.cl\/wp-content\/uploads\/2023\/11\/DSC_0249-1024x678.jpg 1024w, https:\/\/parquesilvestrestenger.cl\/wp-content\/uploads\/2023\/11\/DSC_0249-768x509.jpg 768w, https:\/\/parquesilvestrestenger.cl\/wp-content\/uploads\/2023\/11\/DSC_0249-1536x1017.jpg 1536w, https:\/\/parquesilvestrestenger.cl\/wp-content\/uploads\/2023\/11\/DSC_0249-2048x1356.jpg 2048w\" sizes=\"auto, (max-width: 2560px) 100vw, 2560px\" \/>\t\t\t\t\t\t\t\t\t\t\t<\/div>\n\t\t\t\t\t<\/div>\n\n\t\t<div class=\"box-text text-center is-xlarge\" >\n\t\t\t<div class=\"box-text-inner\">\n\t\t\t\t\n\n<div><span style=\"font-size: 120%;\"><b>NOCHE PARQUE <\/b><\/span><\/div>\n<div><span style=\"font-size: 110%;\"><b>Para acampar y disfrutar de la naturaleza<\/b><\/span><\/div>\n\n\t\t\t<\/div>\n\t\t<\/div>\n\t<\/div>\n\t\n<p>Si te gust\u00f3 pasar el d\u00eda con nosotros, te gustaron nuestros quinchos y vista al r\u00edo, no te tienes porqu\u00e9 ir!, entre Ulmos, Casta\u00f1os y Arrayanes puedes acampar. Agenda con nosotros!<\/p>\n<ul>\n<li>El arriendo m\u00ednimo del Parque para acampar es de $300.000 por noche para un m\u00e1ximo de 20 personas (adulto o ni\u00f1o) y un costo adicional de $15.000 por persona. Los ni\u00f1os menores de 4 a\u00f1os no pagan.<\/li>\n<li><span class=\"wixui-rich-text__text\">Horario:<\/span> entrada 09:00 \u2013 salida 19:00 hrs. (al otro d\u00eda)<\/li>\n<\/ul>\n\n\t\t<\/div>\n\t\t\t\t\t<\/div>\n\n\t\n\n<\/div>\n<div class=\"row\"  id=\"row-1850251174\">\n\n\n\t<div id=\"col-194740075\" class=\"col medium-6 small-12 large-6\"  >\n\t\t\t\t<div class=\"col-inner\"  >\n\t\t\t\n\t\t\t\n\n\t<div class=\"box has-hover   has-hover box-text-bottom\" >\n\n\t\t<div class=\"box-image\" style=\"width:55%;\">\n\t\t\t\t\t\t<div class=\"\" >\n\t\t\t\t<img loading=\"lazy\" decoding=\"async\" width=\"1696\" height=\"2560\" src=\"https:\/\/parquesilvestrestenger.cl\/wp-content\/uploads\/2023\/11\/DSC_9969-scaled-e1699133927847.jpg\" class=\"attachment- size-\" alt=\"\" srcset=\"https:\/\/parquesilvestrestenger.cl\/wp-content\/uploads\/2023\/11\/DSC_9969-scaled-e1699133927847.jpg 1696w, https:\/\/parquesilvestrestenger.cl\/wp-content\/uploads\/2023\/11\/DSC_9969-scaled-e1699133927847-199x300.jpg 199w, https:\/\/parquesilvestrestenger.cl\/wp-content\/uploads\/2023\/11\/DSC_9969-scaled-e1699133927847-678x1024.jpg 678w, https:\/\/parquesilvestrestenger.cl\/wp-content\/uploads\/2023\/11\/DSC_9969-scaled-e1699133927847-768x1159.jpg 768w, https:\/\/parquesilvestrestenger.cl\/wp-content\/uploads\/2023\/11\/DSC_9969-scaled-e1699133927847-1018x1536.jpg 1018w, https:\/\/parquesilvestrestenger.cl\/wp-content\/uploads\/2023\/11\/DSC_9969-scaled-e1699133927847-1357x2048.jpg 1357w\" sizes=\"auto, (max-width: 1696px) 100vw, 1696px\" \/>\t\t\t\t\t\t\t\t\t\t\t<\/div>\n\t\t\t\t\t<\/div>\n\n\t\t<div class=\"box-text text-center is-xlarge\" >\n\t\t\t<div class=\"box-text-inner\">\n\t\t\t\t\n\n<div><span style=\"font-size: 120%;\"><b>D\u00cdA PARQUE &#8211; EVENTOS<\/b><\/span><\/div>\n<div><span style=\"font-size: 110%;\"><b>Celebra con\u00a0<\/b><b>nosotros<\/b><\/span><\/div>\n\n\t\t\t<\/div>\n\t\t<\/div>\n\t<\/div>\n\t\n<div style=\"text-align: center;\"><span lang=\"ES-TRAD\">Para eventos, incluyendo asados al palo, parrillas cocktails entre otros, contactar y cotizar con el Sr. Federico Pe\u00f1a Mohr\u00a0 (56) 99 837 17 96<\/span><\/div>\n<div style=\"text-align: center;\"><a href=\"mailto:parquesilvestrestenger@gmail.com\" target=\"_blank\" rel=\"noopener\">parquesilvestrestenger@gmail.com<\/a>.<\/div>\n\n\t\t<\/div>\n\t\t\t\t\t<\/div>\n\n\t\n\n\t<div id=\"col-1227150048\" class=\"col medium-6 small-12 large-6\"  >\n\t\t\t\t<div class=\"col-inner\"  >\n\t\t\t\n\t\t\t\n\n  <div class=\"banner-grid-wrapper\">\n  <div id=\"banner-grid-1242317392\" class=\"banner-grid row row-grid row-small\" data-packery-options=\"\">\n                      \n\n<div class=\"col grid-col large-4 grid-col-1-3\" ><div class=\"col-inner\">\n\n\t<div class=\"img has-hover x md-x lg-x y md-y lg-y\" id=\"image_743088567\">\n\t\t\t\t\t\t\t\t<div class=\"img-inner dark\" >\n\t\t\t<img loading=\"lazy\" decoding=\"async\" width=\"1020\" height=\"765\" src=\"https:\/\/parquesilvestrestenger.cl\/wp-content\/uploads\/2023\/11\/Unknown-37.jpeg\" class=\"attachment-large size-large\" alt=\"\" srcset=\"https:\/\/parquesilvestrestenger.cl\/wp-content\/uploads\/2023\/11\/Unknown-37.jpeg 1024w, https:\/\/parquesilvestrestenger.cl\/wp-content\/uploads\/2023\/11\/Unknown-37-300x225.jpeg 300w, https:\/\/parquesilvestrestenger.cl\/wp-content\/uploads\/2023\/11\/Unknown-37-768x576.jpeg 768w\" sizes=\"auto, (max-width: 1020px) 100vw, 1020px\" \/>\t\t\t\t\t\t\n\t\t\t\t\t<\/div>\n\t\t\t\t\t\t\t\t\n<style>\n#image_743088567 {\n  width: 100%;\n}\n<\/style>\n\t<\/div>\n\t\n\n\n<\/div><\/div>\n<div class=\"col grid-col large-8 grid-col-1\" ><div class=\"col-inner\">\n\n\t<div class=\"img has-hover x md-x lg-x y md-y lg-y\" id=\"image_1211274103\">\n\t\t\t\t\t\t\t\t<div class=\"img-inner dark\" >\n\t\t\t<img loading=\"lazy\" decoding=\"async\" width=\"1020\" height=\"765\" src=\"https:\/\/parquesilvestrestenger.cl\/wp-content\/uploads\/2023\/11\/UOAF3095.jpeg\" class=\"attachment-large size-large\" alt=\"\" srcset=\"https:\/\/parquesilvestrestenger.cl\/wp-content\/uploads\/2023\/11\/UOAF3095.jpeg 1024w, https:\/\/parquesilvestrestenger.cl\/wp-content\/uploads\/2023\/11\/UOAF3095-300x225.jpeg 300w, https:\/\/parquesilvestrestenger.cl\/wp-content\/uploads\/2023\/11\/UOAF3095-768x576.jpeg 768w\" sizes=\"auto, (max-width: 1020px) 100vw, 1020px\" \/>\t\t\t\t\t\t\n\t\t\t\t\t<\/div>\n\t\t\t\t\t\t\t\t\n<style>\n#image_1211274103 {\n  width: 100%;\n}\n<\/style>\n\t<\/div>\n\t\n\n\n<\/div><\/div>\n<div class=\"col grid-col large-4 grid-col-1-3\" ><div class=\"col-inner\">\n\n\t<div class=\"img has-hover x md-x lg-x y md-y lg-y\" id=\"image_2083202765\">\n\t\t\t\t\t\t\t\t<div class=\"img-inner dark\" >\n\t\t\t<img loading=\"lazy\" decoding=\"async\" width=\"678\" height=\"1024\" src=\"https:\/\/parquesilvestrestenger.cl\/wp-content\/uploads\/2023\/11\/DSC_9972-scaled-e1699290860255-678x1024.jpg\" class=\"attachment-large size-large\" alt=\"\" srcset=\"https:\/\/parquesilvestrestenger.cl\/wp-content\/uploads\/2023\/11\/DSC_9972-scaled-e1699290860255-678x1024.jpg 678w, https:\/\/parquesilvestrestenger.cl\/wp-content\/uploads\/2023\/11\/DSC_9972-scaled-e1699290860255-199x300.jpg 199w, https:\/\/parquesilvestrestenger.cl\/wp-content\/uploads\/2023\/11\/DSC_9972-scaled-e1699290860255-768x1159.jpg 768w, https:\/\/parquesilvestrestenger.cl\/wp-content\/uploads\/2023\/11\/DSC_9972-scaled-e1699290860255-1018x1536.jpg 1018w, https:\/\/parquesilvestrestenger.cl\/wp-content\/uploads\/2023\/11\/DSC_9972-scaled-e1699290860255-1357x2048.jpg 1357w, https:\/\/parquesilvestrestenger.cl\/wp-content\/uploads\/2023\/11\/DSC_9972-scaled-e1699290860255.jpg 1696w\" sizes=\"auto, (max-width: 678px) 100vw, 678px\" \/>\t\t\t\t\t\t\n\t\t\t\t\t<\/div>\n\t\t\t\t\t\t\t\t\n<style>\n#image_2083202765 {\n  width: 100%;\n}\n<\/style>\n\t<\/div>\n\t\n\n\n<\/div><\/div>\n<div class=\"col grid-col large-4 grid-col-1-3\" ><div class=\"col-inner\">\n\n\t<div class=\"img has-hover x md-x lg-x y md-y lg-y\" id=\"image_2006758320\">\n\t\t\t\t\t\t\t\t<div class=\"img-inner dark\" >\n\t\t\t<img loading=\"lazy\" decoding=\"async\" width=\"1020\" height=\"765\" src=\"https:\/\/parquesilvestrestenger.cl\/wp-content\/uploads\/2023\/11\/Unknown-32.jpeg\" class=\"attachment-large size-large\" alt=\"\" srcset=\"https:\/\/parquesilvestrestenger.cl\/wp-content\/uploads\/2023\/11\/Unknown-32.jpeg 1024w, https:\/\/parquesilvestrestenger.cl\/wp-content\/uploads\/2023\/11\/Unknown-32-300x225.jpeg 300w, https:\/\/parquesilvestrestenger.cl\/wp-content\/uploads\/2023\/11\/Unknown-32-768x576.jpeg 768w\" sizes=\"auto, (max-width: 1020px) 100vw, 1020px\" \/>\t\t\t\t\t\t\n\t\t\t\t\t<\/div>\n\t\t\t\t\t\t\t\t\n<style>\n#image_2006758320 {\n  width: 100%;\n}\n<\/style>\n\t<\/div>\n\t\n\n\n<\/div><\/div>\n\n            <\/div>\n    <style>\n    #banner-grid-1242317392 .grid-col-1{height: 600px}\n    #banner-grid-1242317392 .grid-col-1-2{height: 300px}\n    #banner-grid-1242317392 .grid-col-1-3{height:200px}\n    #banner-grid-1242317392 .grid-col-2-3{height: 400px}\n    #banner-grid-1242317392 .grid-col-1-4{height: 150px}\n    #banner-grid-1242317392 .grid-col-3-4{height: 450px}\n\n\n    \n    \n\n  <\/style>\n    <\/div>\n  \n\n\t\t<\/div>\n\t\t\t\t\t<\/div>\n\n\t\n\n<\/div>\n\n","protected":false},"excerpt":{"rendered":"","protected":false},"author":1,"featured_media":0,"parent":0,"menu_order":0,"comment_status":"closed","ping_status":"closed","template":"","meta":{"footnotes":""},"class_list":["post-24","page","type-page","status-publish","hentry"],"_links":{"self":[{"href":"https:\/\/parquesilvestrestenger.cl\/index.php?rest_route=\/wp\/v2\/pages\/24","targetHints":{"allow":["GET"]}}],"collection":[{"href":"https:\/\/parquesilvestrestenger.cl\/index.php?rest_route=\/wp\/v2\/pages"}],"about":[{"href":"https:\/\/parquesilvestrestenger.cl\/index.php?rest_route=\/wp\/v2\/types\/page"}],"author":[{"embeddable":true,"href":"https:\/\/parquesilvestrestenger.cl\/index.php?rest_route=\/wp\/v2\/users\/1"}],"replies":[{"embeddable":true,"href":"https:\/\/parquesilvestrestenger.cl\/index.php?rest_route=%2Fwp%2Fv2%2Fcomments&post=24"}],"version-history":[{"count":37,"href":"https:\/\/parquesilvestrestenger.cl\/index.php?rest_route=\/wp\/v2\/pages\/24\/revisions"}],"predecessor-version":[{"id":417,"href":"https:\/\/parquesilvestrestenger.cl\/index.php?rest_route=\/wp\/v2\/pages\/24\/revisions\/417"}],"wp:attachment":[{"href":"https:\/\/parquesilvestrestenger.cl\/index.php?rest_route=%2Fwp%2Fv2%2Fmedia&parent=24"}],"curies":[{"name":"wp","href":"https:\/\/api.w.org\/{rel}","templated":true}]}}