{"id":301,"date":"2023-11-16T15:44:47","date_gmt":"2023-11-16T15:44:47","guid":{"rendered":"https:\/\/parquesilvestrestenger.cl\/?page_id=301"},"modified":"2023-12-16T22:09:34","modified_gmt":"2023-12-16T22:09:34","slug":"como-llegar","status":"publish","type":"page","link":"https:\/\/parquesilvestrestenger.cl\/?page_id=301","title":{"rendered":"C\u00f3mo Llegar"},"content":{"rendered":"\n<div class=\"container section-title-container\" ><h1 class=\"section-title section-title-center\"><b><\/b><span class=\"section-title-main\" >C\u00d3MO LLEGAR<\/span><b><\/b><\/h1><\/div>\n\n<div class=\"row\"  id=\"row-1508413636\">\n\n\n\t<div id=\"col-1217221482\" class=\"col medium-6 small-12 large-6\"  >\n\t\t\t\t<div class=\"col-inner\"  >\n\t\t\t\n\t\t\t\n\n<div class=\"message-box relative dark\" style=\"padding-top:11px;padding-bottom:11px;\"><div class=\"message-box-bg-image bg-fill fill\" ><\/div><div class=\"message-box-bg-overlay bg-fill fill\" style=\"background-color:rgb(105, 105, 105);\"><\/div><div class=\"container relative\"><div class=\"inner last-reset\">\n\n<div class=\"row row-small align-middle align-center\"  id=\"row-1837711216\">\n\n\n\t<div id=\"col-632137153\" class=\"col small-12 large-12\"  >\n\t\t\t\t<div class=\"col-inner text-center\"  >\n\t\t\t\n\t\t\t\n\n<h3>\u00a0<\/h3>\n<h3>BALSEO\u00a0CARBONEROS<\/h3>\n<p>\u00a0<\/p>\n\t<div id=\"text-270541703\" class=\"text\">\n\t\t\n\n<p>Para cruzar a la Isla del Rey donde est\u00e1 ubicado el Parque, se debe utilizar el sistema de lanchas de servicio p\u00fablico autorizadas por la capitan\u00eda de puerto, que hacen el recorrido a travez de r\u00edo Valdivia con destino a Carbonero, Isla Del Rey.<\/p>\n<p>Este trayecto tiene una duraci\u00f3n de 5 min. aproximadamente y un valor de $600 pesos por persona.\u00a0<\/p>\n<p>El balseo se realiza cada una hora.<br \/>Horario temporada alta es de: 07:00 a 20:00 hrs.<\/p>\n<p>\u00a0<\/p>\n\t\t\n<style>\n#text-270541703 {\n  line-height: 1.55;\n  text-align: left;\n}\n<\/style>\n\t<\/div>\n\t\n\n\t\t<\/div>\n\t\t\t\t\t<\/div>\n\n\t\n\n\t<div id=\"col-52295923\" class=\"col small-12 large-12\"  >\n\t\t\t\t<div class=\"col-inner text-center\"  >\n\t\t\t\n\t\t\t\n\n<a rel=\"noopener noreferrer\" href=\"https:\/\/www.google.com\/maps\/dir\/\/&#039;&#039;\/@-39.868308,-73.4176929,13z\/data=!4m9!4m8!1m0!1m5!1m1!1s0x9615f796359a62e7:0xf520044e29da14ec!2m2!1d-73.3764935!2d-39.8683153!3e0?entry=ttu\" target=\"_blank\" class=\"button primary\"  style=\"border-radius:99px;\">\n    <span>VER RUTA EN GOOGLE MAPS<\/span>\n  <\/a>\n\n\n\n\t\t<\/div>\n\t\t\t\t\n<style>\n#col-52295923 > .col-inner {\n  padding: 0px 0px 0px 0px;\n}\n<\/style>\n\t<\/div>\n\n\t\n\n\n<style>\n#row-1837711216 > .col > .col-inner {\n  padding: 0px 0px 0px 0px;\n}\n<\/style>\n<\/div>\n\n<\/div><\/div><\/div>\n\t<div id=\"text-2314618395\" class=\"text\">\n\t\t\n\n\n\t\t\n<style>\n#text-2314618395 {\n  font-size: 0.85rem;\n  line-height: 1.8;\n}\n<\/style>\n\t<\/div>\n\t\n\n\t\t<\/div>\n\t\t\t\t\n<style>\n#col-1217221482 > .col-inner {\n  padding: 0px 0px 0px 0px;\n}\n<\/style>\n\t<\/div>\n\n\t\n\n\t<div id=\"col-1446588216\" class=\"col medium-6 small-12 large-6\"  >\n\t\t\t\t<div class=\"col-inner\"  >\n\t\t\t\n\t\t\t\n\n\n\n<iframe src=\"https:\/\/www.google.com\/maps\/embed?pb=!1m18!1m12!1m3!1d585.2377868532278!2d-73.3761397998518!3d-39.86848294240794!2m3!1f0!2f0!3f0!3m2!1i1024!2i768!4f13.1!3m3!1m2!1s0x9615f796359a62e7%3A0xf520044e29da14ec!2sBalsadero%20de%20Carboneros!5e0!3m2!1ses-419!2scl!4v1700150777603!5m2!1ses-419!2scl\" width=\"100%\" height=\"470\" style=\"border:0;\" allowfullscreen=\"\" loading=\"lazy\" referrerpolicy=\"no-referrer-when-downgrade\"><\/iframe>\n\n\n\t\t<\/div>\n\t\t\t\t\n<style>\n#col-1446588216 > .col-inner {\n  padding: 0px 0px 0px 0px;\n}\n<\/style>\n\t<\/div>\n\n\t\n\n<\/div>\n<div class=\"row row-collapse\"  id=\"row-233591990\">\n\n\n\t<div id=\"col-284740864\" class=\"col small-12 large-12\"  >\n\t\t\t\t<div class=\"col-inner\"  >\n\t\t\t\n\t\t\t\n\n<div class=\"message-box relative dark\" style=\"padding-top:18px;padding-bottom:18px;\"><div class=\"message-box-bg-image bg-fill fill\" ><\/div><div class=\"message-box-bg-overlay bg-fill fill\" style=\"background-color:rgb(62, 62, 62);\"><\/div><div class=\"container relative\"><div class=\"inner last-reset\">\n\n<div class=\"row row-small align-middle align-center\"  id=\"row-46744063\">\n\n\n\t<div id=\"col-1037062620\" class=\"col small-12 large-12\"  >\n\t\t\t\t<div class=\"col-inner text-center\"  >\n\t\t\t\n\t\t\t\n\n\t<div id=\"text-1669509585\" class=\"text\">\n\t\t\n\n<p><H3>Como llegar al balseo:<\/H3><\/p>\n\t\t\n<style>\n#text-1669509585 {\n  font-size: 1.2rem;\n  line-height: 0.75;\n}\n<\/style>\n\t<\/div>\n\t\n\t<div id=\"text-2135580733\" class=\"text\">\n\t\t\n\n<p>En veh\u00edculo, desde el centro de Valdivia, tomar direcci\u00f3n camino a Niebla. Aproximadamente en el Km 15,2 de la Ruta 350 (antes de llegar a Niebla) a mano izquierda se encuentra la bajada al balseo Carbonero (debidamente se\u00f1alizado).\u00a0<\/p>\n<p>Para llegar en locomoci\u00f3n colectiva, la l\u00ednea de microbuses n\u00famero 20 (Valdivia Niebla) de recorrido a la costa se toma en el terminal ubicado en el centro de Valdivia.<\/p>\n<p>Horarios: 07:00 &#8211; 20:00 hrs.<\/p>\n\t\t\n<style>\n#text-2135580733 {\n  line-height: 1.7;\n  text-align: center;\n}\n<\/style>\n\t<\/div>\n\t\n\n\t\t<\/div>\n\t\t\t\t\t<\/div>\n\n\t\n\n\n<style>\n#row-46744063 > .col > .col-inner {\n  padding: 0px 0px 0px 0px;\n}\n<\/style>\n<\/div>\n\n<\/div><\/div><\/div>\n\t<div id=\"text-3700279971\" class=\"text\">\n\t\t\n\n\n\t\t\n<style>\n#text-3700279971 {\n  font-size: 0.85rem;\n  line-height: 1.8;\n}\n<\/style>\n\t<\/div>\n\t\n\n\t\t<\/div>\n\t\t\t\t\n<style>\n#col-284740864 > .col-inner {\n  padding: 0px 0px 0px 0px;\n}\n<\/style>\n\t<\/div>\n\n\t\n\n<\/div>\n<div class=\"row\"  id=\"row-375560112\">\n\n\n\t<div id=\"col-201634357\" class=\"col medium-6 small-12 large-6\"  >\n\t\t\t\t<div class=\"col-inner\"  >\n\t\t\t\n\t\t\t\n\n<div class=\"message-box relative dark\" style=\"padding-top:11px;padding-bottom:11px;\"><div class=\"message-box-bg-image bg-fill fill\" ><\/div><div class=\"message-box-bg-overlay bg-fill fill\" ><\/div><div class=\"container relative\"><div class=\"inner last-reset\">\n\n<div class=\"row row-small align-middle align-center\"  id=\"row-442329543\">\n\n\n\t<div id=\"col-820837033\" class=\"col small-12 large-12\"  >\n\t\t\t\t<div class=\"col-inner text-center\"  >\n\t\t\t\n\t\t\t\n\n<h3>\u00a0<\/h3>\n<h3>BARCAZA<\/h3>\n<p>\u00a0<\/p>\n\t<div id=\"text-1186487595\" class=\"text\">\n\t\t\n\n<p>Existe la posibilidad de cruzar al Parque (Isla de Rey) en su propio auto utilizando la barcaza que se puede tomar en la rampa que se encuentra al costado del Terminal Pesquero de Niebla.<\/p>\n<p><br \/>Horario de embarque en temporada alta es de: 09:30 \/ 15:00 \/ 18:00 hrs.<\/p>\n<p>\u00a0<\/p>\n\t\t\n<style>\n#text-1186487595 {\n  line-height: 1.55;\n  text-align: left;\n}\n<\/style>\n\t<\/div>\n\t\n\n\t\t<\/div>\n\t\t\t\t\t<\/div>\n\n\t\n\n\t<div id=\"col-1166170994\" class=\"col small-12 large-12\"  >\n\t\t\t\t<div class=\"col-inner text-center\"  >\n\t\t\t\n\t\t\t\n\n<a href=\"https:\/\/www.google.com\/maps\/dir\/\/Rampa+Niebla,+Valdivia,+Los+R%C3%ADos\/@-39.8727968,-73.4248904,13z\/data=!4m9!4m8!1m0!1m5!1m1!1s0x9615f6d8096c0fcd:0x7e84b7f17ad2b344!2m2!1d-73.383691!2d-39.8728041!3e0?entry=ttu\" target=\"_self\" class=\"button primary\"  style=\"border-radius:99px;\">\n    <span>VER RUTA EN GOOGLE MAPS<\/span>\n  <\/a>\n\n\n\n\t\t<\/div>\n\t\t\t\t\t<\/div>\n\n\t\n\n\n<style>\n#row-442329543 > .col > .col-inner {\n  padding: 0px 0px 0px 0px;\n}\n<\/style>\n<\/div>\n\n<\/div><\/div><\/div>\n\n\t\t<\/div>\n\t\t\t\t\n<style>\n#col-201634357 > .col-inner {\n  padding: 0px 0px 0px 0px;\n}\n<\/style>\n\t<\/div>\n\n\t\n\n\t<div id=\"col-1713261893\" class=\"col medium-6 small-12 large-6\"  >\n\t\t\t\t<div class=\"col-inner\"  >\n\t\t\t\n\t\t\t\n\n\n\n<iframe src=\"https:\/\/www.google.com\/maps\/embed?pb=!1m18!1m12!1m3!1d3517.3800675231564!2d-73.38823464713175!3d-39.87295041729392!2m3!1f0!2f0!3f0!3m2!1i1024!2i768!4f13.1!3m3!1m2!1s0x9615f6d8096c0fcd%3A0x7e84b7f17ad2b344!2sRampa%20Niebla!5e0!3m2!1ses-419!2scl!4v1700157871510!5m2!1ses-419!2scl\" width=\"100%\" height=\"370\" style=\"border:0;\" allowfullscreen=\"\" loading=\"lazy\" referrerpolicy=\"no-referrer-when-downgrade\"><\/iframe>\n\n\t<div id=\"gap-1417130222\" class=\"gap-element clearfix\" style=\"display:block; height:auto;\">\n\t\t\n<style>\n#gap-1417130222 {\n  padding-top: 30px;\n}\n<\/style>\n\t<\/div>\n\t\n\n\n\t\t<\/div>\n\t\t\t\t\n<style>\n#col-1713261893 > .col-inner {\n  padding: 0px 0px 0px 0px;\n}\n<\/style>\n\t<\/div>\n\n\t\n\n\n<style>\n#row-375560112 > .col > .col-inner {\n  padding: 27px 0px 0px 0px;\n}\n<\/style>\n<\/div>\n\n  <div class=\"banner has-hover\" id=\"banner-253654109\">\n          <div class=\"banner-inner fill\">\n        <div class=\"banner-bg fill\" >\n            <div class=\"bg fill bg-fill \"><\/div>\n                                    \n                    <\/div>\n\t\t\n        <div class=\"banner-layers container\">\n            <div class=\"fill banner-link\"><\/div>            \n\n   <div id=\"text-box-988891076\" class=\"text-box banner-layer x50 md-x5 lg-x5 y95 md-y5 lg-y5 res-text\">\n                                <div class=\"text-box-content text dark\">\n              \n              <div class=\"text-inner text-center\">\n                  \n\n\t<div id=\"text-3006673302\" class=\"text\">\n\t\t\n\n<h3 class=\"uppercase\"><span style=\"background-color: #000000;\"><strong>DESDE EL MUELLE DE CARBONERO AL PARQUE<\/strong><\/span><\/h3>\n\t\t\n<style>\n#text-3006673302 {\n  font-size: 0.75rem;\n  text-align: left;\n  color: rgb(255,255,255);\n}\n#text-3006673302 > * {\n  color: rgb(255,255,255);\n}\n@media (min-width:550px) {\n  #text-3006673302 {\n    font-size: 0.85rem;\n  }\n}\n<\/style>\n\t<\/div>\n\t\n\n              <\/div>\n           <\/div>\n                            \n<style>\n#text-box-988891076 {\n  width: 95%;\n}\n#text-box-988891076 .text-box-content {\n  font-size: 100%;\n}\n@media (min-width:550px) {\n  #text-box-988891076 {\n    width: 48%;\n  }\n}\n<\/style>\n    <\/div>\n \n\n        <\/div>\n      <\/div>\n\n            \n<style>\n#banner-253654109 {\n  padding-top: 285px;\n}\n#banner-253654109 .bg.bg-loaded {\n  background-image: url(https:\/\/parquesilvestrestenger.cl\/wp-content\/uploads\/2023\/12\/WhatsApp-Image-2023-12-06-at-10.04.18-1024x452.jpeg);\n}\n#banner-253654109 .bg {\n  background-position: 71% 0%;\n}\n@media (min-width:550px) {\n  #banner-253654109 {\n    padding-top: 463px;\n  }\n}\n<\/style>\n  <\/div>\n\n\n\n","protected":false},"excerpt":{"rendered":"","protected":false},"author":1,"featured_media":0,"parent":0,"menu_order":0,"comment_status":"closed","ping_status":"closed","template":"","meta":{"footnotes":""},"class_list":["post-301","page","type-page","status-publish","hentry"],"_links":{"self":[{"href":"https:\/\/parquesilvestrestenger.cl\/index.php?rest_route=\/wp\/v2\/pages\/301","targetHints":{"allow":["GET"]}}],"collection":[{"href":"https:\/\/parquesilvestrestenger.cl\/index.php?rest_route=\/wp\/v2\/pages"}],"about":[{"href":"https:\/\/parquesilvestrestenger.cl\/index.php?rest_route=\/wp\/v2\/types\/page"}],"author":[{"embeddable":true,"href":"https:\/\/parquesilvestrestenger.cl\/index.php?rest_route=\/wp\/v2\/users\/1"}],"replies":[{"embeddable":true,"href":"https:\/\/parquesilvestrestenger.cl\/index.php?rest_route=%2Fwp%2Fv2%2Fcomments&post=301"}],"version-history":[{"count":26,"href":"https:\/\/parquesilvestrestenger.cl\/index.php?rest_route=\/wp\/v2\/pages\/301\/revisions"}],"predecessor-version":[{"id":420,"href":"https:\/\/parquesilvestrestenger.cl\/index.php?rest_route=\/wp\/v2\/pages\/301\/revisions\/420"}],"wp:attachment":[{"href":"https:\/\/parquesilvestrestenger.cl\/index.php?rest_route=%2Fwp%2Fv2%2Fmedia&parent=301"}],"curies":[{"name":"wp","href":"https:\/\/api.w.org\/{rel}","templated":true}]}}